{"id":8030,"date":"2022-09-06T16:10:56","date_gmt":"2022-09-06T16:10:56","guid":{"rendered":"https:\/\/aistec.com\/politique-de-confidentialite\/"},"modified":"2023-02-20T09:18:36","modified_gmt":"2023-02-20T09:18:36","slug":"politique-de-confidentialite","status":"publish","type":"page","link":"https:\/\/aistec.com\/fr\/politique-de-confidentialite\/","title":{"rendered":"Politique de confidentialit\u00e9"},"content":{"rendered":"<style>.elementor-8030 .elementor-element.elementor-element-b43e450 .elementor-heading-title{text-transform:none;}.elementor-8030 .elementor-element.elementor-element-3e20e80{margin-top:0px;margin-bottom:0px;padding:0px 0px 40px 0px;}<\/style>\t\t<div data-elementor-type=\"wp-page\" data-elementor-id=\"8030\" class=\"elementor elementor-8030 elementor-3\" data-elementor-post-type=\"page\">\n\t\t\t\t\t\t<section class=\"elementor-section elementor-top-section elementor-element elementor-element-62543bb elementor-section-boxed elementor-section-height-default elementor-section-height-default\" data-id=\"62543bb\" data-element_type=\"section\" data-e-type=\"section\">\n\t\t\t\t\t\t<div class=\"elementor-container elementor-column-gap-default\">\n\t\t\t\t\t<div class=\"elementor-column elementor-col-100 elementor-top-column elementor-element elementor-element-36e54e8d\" data-id=\"36e54e8d\" data-element_type=\"column\" data-e-type=\"column\">\n\t\t\t<div class=\"elementor-widget-wrap elementor-element-populated\">\n\t\t\t\t\t\t<div class=\"elementor-element elementor-element-b43e450 elementor-widget elementor-widget-heading\" data-id=\"b43e450\" data-element_type=\"widget\" data-e-type=\"widget\" data-widget_type=\"heading.default\">\n\t\t\t\t<div class=\"elementor-widget-container\">\n\t\t\t\t\t<h2 class=\"elementor-heading-title elementor-size-default\">Politique de confidentialit\u00e9<\/h2>\t\t\t\t<\/div>\n\t\t\t\t<\/div>\n\t\t\t\t\t<\/div>\n\t\t<\/div>\n\t\t\t\t\t<\/div>\n\t\t<\/section>\n\t\t\t\t<section class=\"elementor-section elementor-top-section elementor-element elementor-element-3e20e80 elementor-section-boxed elementor-section-height-default elementor-section-height-default\" data-id=\"3e20e80\" data-element_type=\"section\" data-e-type=\"section\">\n\t\t\t\t\t\t<div class=\"elementor-container elementor-column-gap-default\">\n\t\t\t\t\t<div class=\"elementor-column elementor-col-100 elementor-top-column elementor-element elementor-element-2dec3d7\" data-id=\"2dec3d7\" data-element_type=\"column\" data-e-type=\"column\">\n\t\t\t<div class=\"elementor-widget-wrap elementor-element-populated\">\n\t\t\t\t\t\t<div class=\"elementor-element elementor-element-3ea6046 elementor-widget elementor-widget-text-editor\" data-id=\"3ea6046\" data-element_type=\"widget\" data-e-type=\"widget\" data-widget_type=\"text-editor.default\">\n\t\t\t\t<div class=\"elementor-widget-container\">\n\t\t\t\t\t\t\t\t\t<p>La confidentialit\u00e9 est d&rsquo;une grande importance pour AISTEC AISLAMIENTOS, S.L.U. et nous voulons maintenir une attitude ouverte et transparente dans le traitement de vos donn\u00e9es personnelles. Nous avons donc une politique qui d\u00e9finit la mani\u00e8re dont vos donn\u00e9es personnelles sont trait\u00e9es et prot\u00e9g\u00e9es.<\/p>\n<p><strong>Qui est responsable du traitement de vos donn\u00e9es ?<\/strong><\/p>\n<p>Aistec aislamientos, S.L.U<\/p>\n<p>N\u00b0 DE TVA : B92068444<\/p>\n<p>Adresse postale : MALAGA (MALAGA), C.P. 29004, CALLE JOAQUIN VARGAS, 13. P.I. SANTA TERESA.<\/p>\n<p>E-mail: info@aistec.com<\/p>\n<p><strong>\u00c0 quelles fins traitons-nous vos donn\u00e9es personnelles ?<\/strong><\/p>\n<p>AISTEC AISLAMIENTOS, S.L.U. traite les informations fournies par les int\u00e9ress\u00e9s afin d&rsquo;effectuer la gestion administrative, comptable et fiscale des services demand\u00e9s, ainsi que pour envoyer des communications commerciales sur nos produits et services, pour lesquelles vous avez donn\u00e9 votre consentement.<\/p>\n<p><strong>Combien de temps conservons-nous vos donn\u00e9es ?<\/strong><\/p>\n<p>Les donn\u00e9es seront conserv\u00e9es aussi longtemps que la relation commerciale est maintenue et, le cas \u00e9ch\u00e9ant, pendant les ann\u00e9es n\u00e9cessaires au respect des obligations l\u00e9gales applicables.<\/p>\n<p><strong>Quelle est la l\u00e9gitimit\u00e9 du traitement de vos donn\u00e9es ?<\/strong><\/p>\n<p>Nous indiquons la base juridique du traitement de vos donn\u00e9es :<\/p>\n<p>&#8211; Ex\u00e9cution d&rsquo;un contrat : fourniture des services demand\u00e9s<\/p>\n<p>&#8211; Consentement de l&rsquo;int\u00e9ress\u00e9 : Envoi de communications commerciales.<\/p>\n<p><strong>A quels destinataires vos donn\u00e9es seront-elles communiqu\u00e9es ?<\/strong><\/p>\n<p>Vos donn\u00e9es ne seront divulgu\u00e9es qu&rsquo;\u00e0 des tiers pour lesquels nous avons obtenu votre consentement et afin de respecter les obligations l\u00e9gales. Transferts de donn\u00e9es vers des pays tiers Aucun transfert de donn\u00e9es vers des pays tiers n&rsquo;est pr\u00e9vu. Quels sont vos droits lorsque vous nous communiquez vos donn\u00e9es ? Toute personne a le droit d&rsquo;obtenir la confirmation qu&rsquo;AISTEC AISLAMIENTOS, S.L.U. traite ou non des donn\u00e9es personnelles la concernant. Les parties int\u00e9ress\u00e9es ont le droit d&rsquo;acc\u00e9der \u00e0 leurs donn\u00e9es personnelles, ainsi que de demander la rectification des donn\u00e9es inexactes ou, le cas \u00e9ch\u00e9ant, de demander leur suppression lorsque, entre autres raisons, les donn\u00e9es ne sont plus n\u00e9cessaires aux fins pour lesquelles elles ont \u00e9t\u00e9 collect\u00e9es. Dans certaines circonstances, les personnes concern\u00e9es peuvent nous demander de restreindre le traitement de leurs donn\u00e9es, auquel cas nous ne conserverons les donn\u00e9es que dans le but d&rsquo;exercer ou de d\u00e9fendre des revendications. Dans certaines circonstances et pour des raisons tenant \u00e0 leur situation particuli\u00e8re, les personnes concern\u00e9es peuvent s&rsquo;opposer au traitement de leurs donn\u00e9es. Dans ce cas, AISTEC AISLAMIENTOS, S.L.U. cessera de traiter les donn\u00e9es, sauf pour des raisons l\u00e9gitimes imp\u00e9ratives, ou l&rsquo;exercice ou la d\u00e9fense d&rsquo;\u00e9ventuelles r\u00e9clamations. Vous pouvez exercer mat\u00e9riellement vos droits de la mani\u00e8re suivante : en \u00e9crivant \u00e0 l&rsquo;adresse \u00e9lectronique du responsable du traitement des donn\u00e9es indiqu\u00e9e ci-dessus, en joignant une copie de votre carte d&rsquo;identit\u00e9 ou de votre document d&rsquo;identit\u00e9. Si vous avez donn\u00e9 votre consentement pour une finalit\u00e9 sp\u00e9cifique, vous avez le droit de retirer votre consentement \u00e0 tout moment, sans que cela n&rsquo;affecte la lic\u00e9it\u00e9 du traitement fond\u00e9 sur votre consentement avant son retrait. Si vous estimez que vos droits concernant la protection de vos donn\u00e9es personnelles ont \u00e9t\u00e9 viol\u00e9s, notamment lorsque vous n&rsquo;avez pas obtenu satisfaction dans l&rsquo;exercice de vos droits, vous pouvez d\u00e9poser une plainte aupr\u00e8s de l&rsquo;autorit\u00e9 de contr\u00f4le de la protection des donn\u00e9es comp\u00e9tente via son site web : www.agpd.es.<\/p>\n<p><strong>Comment avons-nous obtenu vos donn\u00e9es ?<\/strong><\/p>\n<p>Les donn\u00e9es personnelles que nous traitons chez <a name=\"_Hlk110325139\"><\/a>AISTEC AISLAMIENTOS, S.L.U ont \u00e9t\u00e9 directement fournies par l&rsquo;int\u00e9ress\u00e9. Les cat\u00e9gories de donn\u00e9es trait\u00e9es sont :<\/p>\n<p>&#8211; Donn\u00e9es d&rsquo;identification<\/p>\n<p>&#8211; Adresses postale et \u00e9lectronique<\/p>\n<p>&#8211; Informations commerciales<\/p>\t\t\t\t\t\t\t\t<\/div>\n\t\t\t\t<\/div>\n\t\t\t\t\t<\/div>\n\t\t<\/div>\n\t\t\t\t\t<\/div>\n\t\t<\/section>\n\t\t\t\t<\/div>\n\t\t","protected":false},"excerpt":{"rendered":"<p>Politique de confidentialit\u00e9 La confidentialit\u00e9 est d&rsquo;une grande importance pour AISTEC AISLAMIENTOS, S.L.U. et nous voulons maintenir une attitude ouverte et transparente dans le traitement de vos donn\u00e9es personnelles. Nous avons donc une politique qui d\u00e9finit la mani\u00e8re dont vos donn\u00e9es personnelles sont trait\u00e9es et prot\u00e9g\u00e9es. Qui est responsable du traitement de vos donn\u00e9es ? [&hellip;]<\/p>\n","protected":false},"author":2,"featured_media":0,"parent":0,"menu_order":0,"comment_status":"closed","ping_status":"closed","template":"","meta":{"footnotes":""},"class_list":["post-8030","page","type-page","status-publish","hentry"],"yoast_head":"<!-- This site is optimized with the Yoast SEO plugin v27.4 - https:\/\/yoast.com\/product\/yoast-seo-wordpress\/ -->\n<title>\u1405 Politique de confidentialit\u00e9 | aistec<\/title>\n<meta name=\"robots\" content=\"index, follow, max-snippet:-1, max-image-preview:large, max-video-preview:-1\" \/>\n<link rel=\"canonical\" href=\"https:\/\/aistec.com\/fr\/politique-de-confidentialite\/\" \/>\n<meta property=\"og:locale\" content=\"fr_FR\" \/>\n<meta property=\"og:type\" content=\"article\" \/>\n<meta property=\"og:title\" content=\"\u1405 Politique de confidentialit\u00e9 | aistec\" \/>\n<meta property=\"og:description\" content=\"Politique de confidentialit\u00e9 La confidentialit\u00e9 est d&rsquo;une grande importance pour AISTEC AISLAMIENTOS, S.L.U. et nous voulons maintenir une attitude ouverte et transparente dans le traitement de vos donn\u00e9es personnelles. Nous avons donc une politique qui d\u00e9finit la mani\u00e8re dont vos donn\u00e9es personnelles sont trait\u00e9es et prot\u00e9g\u00e9es. Qui est responsable du traitement de vos donn\u00e9es ? [&hellip;]\" \/>\n<meta property=\"og:url\" content=\"https:\/\/aistec.com\/fr\/politique-de-confidentialite\/\" \/>\n<meta property=\"og:site_name\" content=\"aistec\" \/>\n<meta property=\"article:publisher\" content=\"https:\/\/www.facebook.com\/AistecCreatingComfort\" \/>\n<meta property=\"article:modified_time\" content=\"2023-02-20T09:18:36+00:00\" \/>\n<meta name=\"twitter:card\" content=\"summary_large_image\" \/>\n<meta name=\"twitter:label1\" content=\"Dur\u00e9e de lecture estim\u00e9e\" \/>\n\t<meta name=\"twitter:data1\" content=\"3 minutes\" \/>\n<script type=\"application\/ld+json\" class=\"yoast-schema-graph\">{\"@context\":\"https:\\\/\\\/schema.org\",\"@graph\":[{\"@type\":\"TechArticle\",\"@id\":\"https:\\\/\\\/aistec.com\\\/fr\\\/politique-de-confidentialite\\\/#article\",\"isPartOf\":{\"@id\":\"https:\\\/\\\/aistec.com\\\/fr\\\/politique-de-confidentialite\\\/\"},\"author\":{\"name\":\"marketing\",\"@id\":\"https:\\\/\\\/aistec.com\\\/fr\\\/#\\\/schema\\\/person\\\/ed52ec71bc10c926bd414587fd688fe2\"},\"headline\":\"Politique de confidentialit\u00e9\",\"datePublished\":\"2022-09-06T16:10:56+00:00\",\"dateModified\":\"2023-02-20T09:18:36+00:00\",\"mainEntityOfPage\":{\"@id\":\"https:\\\/\\\/aistec.com\\\/fr\\\/politique-de-confidentialite\\\/\"},\"wordCount\":660,\"publisher\":{\"@id\":\"https:\\\/\\\/aistec.com\\\/fr\\\/#organization\"},\"inLanguage\":\"fr-FR\"},{\"@type\":\"WebPage\",\"@id\":\"https:\\\/\\\/aistec.com\\\/fr\\\/politique-de-confidentialite\\\/\",\"url\":\"https:\\\/\\\/aistec.com\\\/fr\\\/politique-de-confidentialite\\\/\",\"name\":\"\u1405 Politique de confidentialit\u00e9 | aistec\",\"isPartOf\":{\"@id\":\"https:\\\/\\\/aistec.com\\\/fr\\\/#website\"},\"datePublished\":\"2022-09-06T16:10:56+00:00\",\"dateModified\":\"2023-02-20T09:18:36+00:00\",\"breadcrumb\":{\"@id\":\"https:\\\/\\\/aistec.com\\\/fr\\\/politique-de-confidentialite\\\/#breadcrumb\"},\"inLanguage\":\"fr-FR\",\"potentialAction\":[{\"@type\":\"ReadAction\",\"target\":[\"https:\\\/\\\/aistec.com\\\/fr\\\/politique-de-confidentialite\\\/\"]}]},{\"@type\":\"BreadcrumbList\",\"@id\":\"https:\\\/\\\/aistec.com\\\/fr\\\/politique-de-confidentialite\\\/#breadcrumb\",\"itemListElement\":[{\"@type\":\"ListItem\",\"position\":1,\"name\":\"Portada\",\"item\":\"https:\\\/\\\/aistec.com\\\/fr\\\/\"},{\"@type\":\"ListItem\",\"position\":2,\"name\":\"Politique de confidentialit\u00e9\"}]},{\"@type\":\"WebSite\",\"@id\":\"https:\\\/\\\/aistec.com\\\/fr\\\/#website\",\"url\":\"https:\\\/\\\/aistec.com\\\/fr\\\/\",\"name\":\"aistec\",\"description\":\"Paneles ac\u00fasticos\",\"publisher\":{\"@id\":\"https:\\\/\\\/aistec.com\\\/fr\\\/#organization\"},\"potentialAction\":[{\"@type\":\"SearchAction\",\"target\":{\"@type\":\"EntryPoint\",\"urlTemplate\":\"https:\\\/\\\/aistec.com\\\/fr\\\/?s={search_term_string}\"},\"query-input\":{\"@type\":\"PropertyValueSpecification\",\"valueRequired\":true,\"valueName\":\"search_term_string\"}}],\"inLanguage\":\"fr-FR\"},{\"@type\":\"Organization\",\"@id\":\"https:\\\/\\\/aistec.com\\\/fr\\\/#organization\",\"name\":\"AISTEC AISLAMIENTOS SLU\",\"url\":\"https:\\\/\\\/aistec.com\\\/fr\\\/\",\"logo\":{\"@type\":\"ImageObject\",\"inLanguage\":\"fr-FR\",\"@id\":\"https:\\\/\\\/aistec.com\\\/fr\\\/#\\\/schema\\\/logo\\\/image\\\/\",\"url\":\"https:\\\/\\\/aistec.com\\\/wp-content\\\/uploads\\\/2022\\\/09\\\/logo-aistec.png\",\"contentUrl\":\"https:\\\/\\\/aistec.com\\\/wp-content\\\/uploads\\\/2022\\\/09\\\/logo-aistec.png\",\"width\":249,\"height\":70,\"caption\":\"AISTEC AISLAMIENTOS SLU\"},\"image\":{\"@id\":\"https:\\\/\\\/aistec.com\\\/fr\\\/#\\\/schema\\\/logo\\\/image\\\/\"},\"sameAs\":[\"https:\\\/\\\/www.facebook.com\\\/AistecCreatingComfort\",\"https:\\\/\\\/www.instagram.com\\\/aistec_\\\/?hl=es\",\"https:\\\/\\\/www.linkedin.com\\\/company\\\/aistec-creating-comfort\\\/\"]},{\"@type\":\"Person\",\"@id\":\"https:\\\/\\\/aistec.com\\\/fr\\\/#\\\/schema\\\/person\\\/ed52ec71bc10c926bd414587fd688fe2\",\"name\":\"marketing\",\"image\":{\"@type\":\"ImageObject\",\"inLanguage\":\"fr-FR\",\"@id\":\"https:\\\/\\\/secure.gravatar.com\\\/avatar\\\/fb6d4365738a3d2a5db4ad282cfdcb04e962362e40828ef855f2b251596aa534?s=96&d=mm&r=g\",\"url\":\"https:\\\/\\\/secure.gravatar.com\\\/avatar\\\/fb6d4365738a3d2a5db4ad282cfdcb04e962362e40828ef855f2b251596aa534?s=96&d=mm&r=g\",\"contentUrl\":\"https:\\\/\\\/secure.gravatar.com\\\/avatar\\\/fb6d4365738a3d2a5db4ad282cfdcb04e962362e40828ef855f2b251596aa534?s=96&d=mm&r=g\",\"caption\":\"marketing\"},\"url\":\"https:\\\/\\\/aistec.com\\\/fr\\\/author\\\/marketing\\\/\"}]}<\/script>\n<!-- \/ Yoast SEO plugin. -->","yoast_head_json":{"title":"\u1405 Politique de confidentialit\u00e9 | aistec","robots":{"index":"index","follow":"follow","max-snippet":"max-snippet:-1","max-image-preview":"max-image-preview:large","max-video-preview":"max-video-preview:-1"},"canonical":"https:\/\/aistec.com\/fr\/politique-de-confidentialite\/","og_locale":"fr_FR","og_type":"article","og_title":"\u1405 Politique de confidentialit\u00e9 | aistec","og_description":"Politique de confidentialit\u00e9 La confidentialit\u00e9 est d&rsquo;une grande importance pour AISTEC AISLAMIENTOS, S.L.U. et nous voulons maintenir une attitude ouverte et transparente dans le traitement de vos donn\u00e9es personnelles. Nous avons donc une politique qui d\u00e9finit la mani\u00e8re dont vos donn\u00e9es personnelles sont trait\u00e9es et prot\u00e9g\u00e9es. Qui est responsable du traitement de vos donn\u00e9es ? [&hellip;]","og_url":"https:\/\/aistec.com\/fr\/politique-de-confidentialite\/","og_site_name":"aistec","article_publisher":"https:\/\/www.facebook.com\/AistecCreatingComfort","article_modified_time":"2023-02-20T09:18:36+00:00","twitter_card":"summary_large_image","twitter_misc":{"Dur\u00e9e de lecture estim\u00e9e":"3 minutes"},"schema":{"@context":"https:\/\/schema.org","@graph":[{"@type":"TechArticle","@id":"https:\/\/aistec.com\/fr\/politique-de-confidentialite\/#article","isPartOf":{"@id":"https:\/\/aistec.com\/fr\/politique-de-confidentialite\/"},"author":{"name":"marketing","@id":"https:\/\/aistec.com\/fr\/#\/schema\/person\/ed52ec71bc10c926bd414587fd688fe2"},"headline":"Politique de confidentialit\u00e9","datePublished":"2022-09-06T16:10:56+00:00","dateModified":"2023-02-20T09:18:36+00:00","mainEntityOfPage":{"@id":"https:\/\/aistec.com\/fr\/politique-de-confidentialite\/"},"wordCount":660,"publisher":{"@id":"https:\/\/aistec.com\/fr\/#organization"},"inLanguage":"fr-FR"},{"@type":"WebPage","@id":"https:\/\/aistec.com\/fr\/politique-de-confidentialite\/","url":"https:\/\/aistec.com\/fr\/politique-de-confidentialite\/","name":"\u1405 Politique de confidentialit\u00e9 | aistec","isPartOf":{"@id":"https:\/\/aistec.com\/fr\/#website"},"datePublished":"2022-09-06T16:10:56+00:00","dateModified":"2023-02-20T09:18:36+00:00","breadcrumb":{"@id":"https:\/\/aistec.com\/fr\/politique-de-confidentialite\/#breadcrumb"},"inLanguage":"fr-FR","potentialAction":[{"@type":"ReadAction","target":["https:\/\/aistec.com\/fr\/politique-de-confidentialite\/"]}]},{"@type":"BreadcrumbList","@id":"https:\/\/aistec.com\/fr\/politique-de-confidentialite\/#breadcrumb","itemListElement":[{"@type":"ListItem","position":1,"name":"Portada","item":"https:\/\/aistec.com\/fr\/"},{"@type":"ListItem","position":2,"name":"Politique de confidentialit\u00e9"}]},{"@type":"WebSite","@id":"https:\/\/aistec.com\/fr\/#website","url":"https:\/\/aistec.com\/fr\/","name":"aistec","description":"Paneles ac\u00fasticos","publisher":{"@id":"https:\/\/aistec.com\/fr\/#organization"},"potentialAction":[{"@type":"SearchAction","target":{"@type":"EntryPoint","urlTemplate":"https:\/\/aistec.com\/fr\/?s={search_term_string}"},"query-input":{"@type":"PropertyValueSpecification","valueRequired":true,"valueName":"search_term_string"}}],"inLanguage":"fr-FR"},{"@type":"Organization","@id":"https:\/\/aistec.com\/fr\/#organization","name":"AISTEC AISLAMIENTOS SLU","url":"https:\/\/aistec.com\/fr\/","logo":{"@type":"ImageObject","inLanguage":"fr-FR","@id":"https:\/\/aistec.com\/fr\/#\/schema\/logo\/image\/","url":"https:\/\/aistec.com\/wp-content\/uploads\/2022\/09\/logo-aistec.png","contentUrl":"https:\/\/aistec.com\/wp-content\/uploads\/2022\/09\/logo-aistec.png","width":249,"height":70,"caption":"AISTEC AISLAMIENTOS SLU"},"image":{"@id":"https:\/\/aistec.com\/fr\/#\/schema\/logo\/image\/"},"sameAs":["https:\/\/www.facebook.com\/AistecCreatingComfort","https:\/\/www.instagram.com\/aistec_\/?hl=es","https:\/\/www.linkedin.com\/company\/aistec-creating-comfort\/"]},{"@type":"Person","@id":"https:\/\/aistec.com\/fr\/#\/schema\/person\/ed52ec71bc10c926bd414587fd688fe2","name":"marketing","image":{"@type":"ImageObject","inLanguage":"fr-FR","@id":"https:\/\/secure.gravatar.com\/avatar\/fb6d4365738a3d2a5db4ad282cfdcb04e962362e40828ef855f2b251596aa534?s=96&d=mm&r=g","url":"https:\/\/secure.gravatar.com\/avatar\/fb6d4365738a3d2a5db4ad282cfdcb04e962362e40828ef855f2b251596aa534?s=96&d=mm&r=g","contentUrl":"https:\/\/secure.gravatar.com\/avatar\/fb6d4365738a3d2a5db4ad282cfdcb04e962362e40828ef855f2b251596aa534?s=96&d=mm&r=g","caption":"marketing"},"url":"https:\/\/aistec.com\/fr\/author\/marketing\/"}]}},"_links":{"self":[{"href":"https:\/\/aistec.com\/fr\/wp-json\/wp\/v2\/pages\/8030","targetHints":{"allow":["GET"]}}],"collection":[{"href":"https:\/\/aistec.com\/fr\/wp-json\/wp\/v2\/pages"}],"about":[{"href":"https:\/\/aistec.com\/fr\/wp-json\/wp\/v2\/types\/page"}],"author":[{"embeddable":true,"href":"https:\/\/aistec.com\/fr\/wp-json\/wp\/v2\/users\/2"}],"replies":[{"embeddable":true,"href":"https:\/\/aistec.com\/fr\/wp-json\/wp\/v2\/comments?post=8030"}],"version-history":[{"count":1,"href":"https:\/\/aistec.com\/fr\/wp-json\/wp\/v2\/pages\/8030\/revisions"}],"predecessor-version":[{"id":8031,"href":"https:\/\/aistec.com\/fr\/wp-json\/wp\/v2\/pages\/8030\/revisions\/8031"}],"wp:attachment":[{"href":"https:\/\/aistec.com\/fr\/wp-json\/wp\/v2\/media?parent=8030"}],"curies":[{"name":"wp","href":"https:\/\/api.w.org\/{rel}","templated":true}]}}